{"id":989,"date":"2023-07-27T07:54:29","date_gmt":"2023-07-27T07:54:29","guid":{"rendered":"https:\/\/www.sommacal.com\/?page_id=989"},"modified":"2023-07-28T15:23:41","modified_gmt":"2023-07-28T15:23:41","slug":"consolle-antica-in-stile-luigi-xvi","status":"publish","type":"page","link":"https:\/\/www.sommacal.com\/it\/consolle-antica-in-stile-luigi-xvi\/","title":{"rendered":"Consolle antica in stile Luigi XVI"},"content":{"rendered":"\t\t<div data-elementor-type=\"wp-page\" data-elementor-id=\"989\" class=\"elementor elementor-989\" data-elementor-post-type=\"page\">\n\t\t\t\t\t\t<section class=\"elementor-section elementor-top-section elementor-element elementor-element-5d859878 elementor-section-full_width elementor-section-height-default elementor-section-height-default\" data-id=\"5d859878\" data-element_type=\"section\">\n\t\t\t\t\t\t<div class=\"elementor-container elementor-column-gap-default\">\n\t\t\t\t\t<div class=\"elementor-column elementor-col-100 elementor-top-column elementor-element elementor-element-7feea430\" data-id=\"7feea430\" data-element_type=\"column\">\n\t\t\t<div class=\"elementor-widget-wrap elementor-element-populated\">\n\t\t\t\t\t\t<div class=\"elementor-element elementor-element-2ab3964c elementor-widget elementor-widget-html\" data-id=\"2ab3964c\" data-element_type=\"widget\" data-widget_type=\"html.default\">\n\t\t\t\t<div class=\"elementor-widget-container\">\n\t\t\t\t\t<object><svg width=\"107\" height=\"12\" viewBox=\"0 0 107 12\" fill=\"none\" xmlns=\"http:\/\/www.w3.org\/2000\/svg\">\n<path fill-rule=\"evenodd\" clip-rule=\"evenodd\" d=\"M5.99984 11.3333C3.05432 11.3333 0.666504 8.94548 0.666504 5.99996C0.666504 3.05444 3.05432 0.666626 5.99984 0.666626C8.60356 0.666626 10.7715 2.53243 11.2396 4.99996H106C106.552 4.99996 107 5.44767 107 5.99996C107 6.55224 106.552 6.99996 106 6.99996H11.2396C10.7715 9.46749 8.60356 11.3333 5.99984 11.3333Z\" fill=\"#A8130C\"\/>\n<\/svg>\n<\/object>\t\t\t\t<\/div>\n\t\t\t\t<\/div>\n\t\t\t\t<div class=\"elementor-element elementor-element-166dd4f5 elementor-widget__width-initial elementor-widget elementor-widget-heading\" data-id=\"166dd4f5\" data-element_type=\"widget\" data-widget_type=\"heading.default\">\n\t\t\t\t<div class=\"elementor-widget-container\">\n\t\t\t\t\t<h1 class=\"elementor-heading-title elementor-size-default\">Consolle antica in stile Luigi XVI\n<\/h1>\t\t\t\t<\/div>\n\t\t\t\t<\/div>\n\t\t\t\t<div class=\"elementor-element elementor-element-c8ef33 elementor-widget elementor-widget-spacer\" data-id=\"c8ef33\" data-element_type=\"widget\" data-widget_type=\"spacer.default\">\n\t\t\t\t<div class=\"elementor-widget-container\">\n\t\t\t\t\t\t\t<div class=\"elementor-spacer\">\n\t\t\t<div class=\"elementor-spacer-inner\"><\/div>\n\t\t<\/div>\n\t\t\t\t\t\t<\/div>\n\t\t\t\t<\/div>\n\t\t\t\t<div class=\"elementor-element elementor-element-62d8c0e0 elementor-widget__width-initial elementor-widget elementor-widget-text-editor\" data-id=\"62d8c0e0\" data-element_type=\"widget\" data-widget_type=\"text-editor.default\">\n\t\t\t\t<div class=\"elementor-widget-container\">\n\t\t\t\t\t\t\t\t\tPer gli amanti dei mobili esibizionisti e sontuosi, un&#8217;antica consolle in stile Luigi XVI non \u00e8 solo un mobile, ma un amalgama dell&#8217;arte umana. Prende il nome dal re Luigi XIV di Francia (1660-1690), lo stile Luigi XIV \u00e8 caratterizzato da elaborati ornamenti, intricate lavorazioni del legno e alcuni fantasiosi rivestimenti di bronzo o sculture. Erano spaziose ed enormi; ma allo stesso tempo funzionale con una navigazione unica e gambe robuste.\n\t\t\t\t\t\t\t\t<\/div>\n\t\t\t\t<\/div>\n\t\t\t\t<div class=\"elementor-element elementor-element-3580922d elementor-widget elementor-widget-spacer\" data-id=\"3580922d\" data-element_type=\"widget\" data-widget_type=\"spacer.default\">\n\t\t\t\t<div class=\"elementor-widget-container\">\n\t\t\t\t\t\t\t<div class=\"elementor-spacer\">\n\t\t\t<div class=\"elementor-spacer-inner\"><\/div>\n\t\t<\/div>\n\t\t\t\t\t\t<\/div>\n\t\t\t\t<\/div>\n\t\t\t\t<div class=\"elementor-element elementor-element-5532b53b elementor-widget__width-initial elementor-widget elementor-widget-text-editor\" data-id=\"5532b53b\" data-element_type=\"widget\" data-widget_type=\"text-editor.default\">\n\t\t\t\t<div class=\"elementor-widget-container\">\n\t\t\t\t\t\t\t\t\tUn&#8217;antica consolle Luigi XVI ricorda tutto questo, con in pi\u00f9 il vantaggio della versatilit\u00e0 e della flessibilit\u00e0. Grazie all&#8217;approccio appassionato di Sommacal nella ricerca dei migliori mobili antichi, ora puoi mettere le mani su un pezzo davvero unico e in perfette condizioni di funzionamento.\n\t\t\t\t\t\t\t\t<\/div>\n\t\t\t\t<\/div>\n\t\t\t\t\t<\/div>\n\t\t<\/div>\n\t\t\t\t\t<\/div>\n\t\t<\/section>\n\t\t\t\t<section class=\"elementor-section elementor-top-section elementor-element elementor-element-2cc4445a elementor-section-full_width elementor-section-height-default elementor-section-height-default\" data-id=\"2cc4445a\" data-element_type=\"section\">\n\t\t\t\t\t\t<div class=\"elementor-container elementor-column-gap-default\">\n\t\t\t\t\t<div class=\"elementor-column elementor-col-50 elementor-top-column elementor-element elementor-element-274ee467\" data-id=\"274ee467\" data-element_type=\"column\">\n\t\t\t<div class=\"elementor-widget-wrap elementor-element-populated\">\n\t\t\t\t\t\t<div class=\"elementor-element elementor-element-1ddb23b2 elementor-widget__width-initial elementor-widget elementor-widget-heading\" data-id=\"1ddb23b2\" data-element_type=\"widget\" data-widget_type=\"heading.default\">\n\t\t\t\t<div class=\"elementor-widget-container\">\n\t\t\t\t\t<h2 class=\"elementor-heading-title elementor-size-default\">Consolle antica Luigi XVI<\/h2>\t\t\t\t<\/div>\n\t\t\t\t<\/div>\n\t\t\t\t<div class=\"elementor-element elementor-element-6d7a5ee8 elementor-widget elementor-widget-spacer\" data-id=\"6d7a5ee8\" data-element_type=\"widget\" data-widget_type=\"spacer.default\">\n\t\t\t\t<div class=\"elementor-widget-container\">\n\t\t\t\t\t\t\t<div class=\"elementor-spacer\">\n\t\t\t<div class=\"elementor-spacer-inner\"><\/div>\n\t\t<\/div>\n\t\t\t\t\t\t<\/div>\n\t\t\t\t<\/div>\n\t\t\t\t<div class=\"elementor-element elementor-element-2732d311 elementor-widget__width-initial elementor-widget elementor-widget-text-editor\" data-id=\"2732d311\" data-element_type=\"widget\" data-widget_type=\"text-editor.default\">\n\t\t\t\t<div class=\"elementor-widget-container\">\n\t\t\t\t\t\t\t\t\tLa consolle antica in stile Luigi XVI di solito viene fornita con un piano piatto combinato con alcuni piccoli cassetti nella parte anteriore.\t\t\t\t\t\t\t\t<\/div>\n\t\t\t\t<\/div>\n\t\t\t\t<div class=\"elementor-element elementor-element-5bb5e14c elementor-widget elementor-widget-spacer\" data-id=\"5bb5e14c\" data-element_type=\"widget\" data-widget_type=\"spacer.default\">\n\t\t\t\t<div class=\"elementor-widget-container\">\n\t\t\t\t\t\t\t<div class=\"elementor-spacer\">\n\t\t\t<div class=\"elementor-spacer-inner\"><\/div>\n\t\t<\/div>\n\t\t\t\t\t\t<\/div>\n\t\t\t\t<\/div>\n\t\t\t\t<div class=\"elementor-element elementor-element-afc1818 elementor-widget__width-initial elementor-widget elementor-widget-text-editor\" data-id=\"afc1818\" data-element_type=\"widget\" data-widget_type=\"text-editor.default\">\n\t\t\t\t<div class=\"elementor-widget-container\">\n\t\t\t\t\t\t\t\t\tAlcuni sono anche dotati di una sedia estraibile o di foglie laterali estraibili per una meravigliosa gestione dello spazio. Mentre i tavoli sono solitamente dotati di una finitura in legno glamour, alcuni dei piani dei tavoli possono anche essere laccati di verde per un impatto estetico sorprendente. Di solito ornati dappertutto, possono essere anche adornati con bronzo e intarsi.\t\t\t\t\t\t\t\t<\/div>\n\t\t\t\t<\/div>\n\t\t\t\t\t<\/div>\n\t\t<\/div>\n\t\t\t\t<div class=\"elementor-column elementor-col-50 elementor-top-column elementor-element elementor-element-7b8bc3e8\" data-id=\"7b8bc3e8\" data-element_type=\"column\">\n\t\t\t<div class=\"elementor-widget-wrap elementor-element-populated\">\n\t\t\t\t\t\t<div class=\"elementor-element elementor-element-75059e14 elementor-widget__width-initial elementor-widget elementor-widget-heading\" data-id=\"75059e14\" data-element_type=\"widget\" data-widget_type=\"heading.default\">\n\t\t\t\t<div class=\"elementor-widget-container\">\n\t\t\t\t\t<h2 class=\"elementor-heading-title elementor-size-default\">Come arredare con una consolle antica Luigi XVI?<\/h2>\t\t\t\t<\/div>\n\t\t\t\t<\/div>\n\t\t\t\t<div class=\"elementor-element elementor-element-4dcce18e elementor-widget elementor-widget-spacer\" data-id=\"4dcce18e\" data-element_type=\"widget\" data-widget_type=\"spacer.default\">\n\t\t\t\t<div class=\"elementor-widget-container\">\n\t\t\t\t\t\t\t<div class=\"elementor-spacer\">\n\t\t\t<div class=\"elementor-spacer-inner\"><\/div>\n\t\t<\/div>\n\t\t\t\t\t\t<\/div>\n\t\t\t\t<\/div>\n\t\t\t\t<div class=\"elementor-element elementor-element-2f6cf555 elementor-widget__width-initial elementor-widget elementor-widget-text-editor\" data-id=\"2f6cf555\" data-element_type=\"widget\" data-widget_type=\"text-editor.default\">\n\t\t\t\t<div class=\"elementor-widget-container\">\n\t\t\t\t\t\t\t\t\tCome forse saprai, una consolle \u00e8 uno dei mobili pi\u00f9 versatili. Possono essere utilizzati per la messa in scena di manufatti antichi, per lo stoccaggio, come tavoli da buffet, ecc.\t\t\t\t\t\t\t\t<\/div>\n\t\t\t\t<\/div>\n\t\t\t\t<div class=\"elementor-element elementor-element-65937068 elementor-widget elementor-widget-spacer\" data-id=\"65937068\" data-element_type=\"widget\" data-widget_type=\"spacer.default\">\n\t\t\t\t<div class=\"elementor-widget-container\">\n\t\t\t\t\t\t\t<div class=\"elementor-spacer\">\n\t\t\t<div class=\"elementor-spacer-inner\"><\/div>\n\t\t<\/div>\n\t\t\t\t\t\t<\/div>\n\t\t\t\t<\/div>\n\t\t\t\t<div class=\"elementor-element elementor-element-1e8919d elementor-widget__width-initial elementor-widget elementor-widget-text-editor\" data-id=\"1e8919d\" data-element_type=\"widget\" data-widget_type=\"text-editor.default\">\n\t\t\t\t<div class=\"elementor-widget-container\">\n\t\t\t\t\t\t\t\t\tA seconda delle dimensioni e dello stile, possono anche essere utilizzati come elemento focale in qualsiasi decorazione. Essendo un pezzo sorprendente, un&#8217;antica consolle Luigi XVI pu\u00f2 essere collocata nel tuo soggiorno, nella tua camera da letto, in un angolo del corridoio, ecc. Puoi persino trasformarla in un centrotavola e circondarla con mobili minimalisti e moderni.\t\t\t\t\t\t\t\t<\/div>\n\t\t\t\t<\/div>\n\t\t\t\t<div class=\"elementor-element elementor-element-dc40536 elementor-widget elementor-widget-spacer\" data-id=\"dc40536\" data-element_type=\"widget\" data-widget_type=\"spacer.default\">\n\t\t\t\t<div class=\"elementor-widget-container\">\n\t\t\t\t\t\t\t<div class=\"elementor-spacer\">\n\t\t\t<div class=\"elementor-spacer-inner\"><\/div>\n\t\t<\/div>\n\t\t\t\t\t\t<\/div>\n\t\t\t\t<\/div>\n\t\t\t\t<div class=\"elementor-element elementor-element-c7856fc elementor-align-left elementor-widget elementor-widget-button\" data-id=\"c7856fc\" data-element_type=\"widget\" data-widget_type=\"button.default\">\n\t\t\t\t<div class=\"elementor-widget-container\">\n\t\t\t\t\t\t\t\t\t<div class=\"elementor-button-wrapper\">\n\t\t\t\t\t<a class=\"elementor-button elementor-button-link elementor-size-sm\" href=\"https:\/\/www.sommacal.com\/it\/mobili\/consolle-antiquariato-epoca\/\" aria-label=\"link alla pagina delle consolle\">\n\t\t\t\t\t\t<span class=\"elementor-button-content-wrapper\">\n\t\t\t\t\t\t\t\t\t<span class=\"elementor-button-text\">Guarda le nostre Consolle<\/span>\n\t\t\t\t\t<\/span>\n\t\t\t\t\t<\/a>\n\t\t\t\t<\/div>\n\t\t\t\t\t\t\t\t<\/div>\n\t\t\t\t<\/div>\n\t\t\t\t\t<\/div>\n\t\t<\/div>\n\t\t\t\t\t<\/div>\n\t\t<\/section>\n\t\t\t\t<section class=\"elementor-section elementor-top-section elementor-element elementor-element-5c4409ca elementor-section-boxed elementor-section-height-default elementor-section-height-default\" data-id=\"5c4409ca\" data-element_type=\"section\">\n\t\t\t\t\t\t<div class=\"elementor-container elementor-column-gap-default\">\n\t\t\t\t\t<div class=\"elementor-column elementor-col-100 elementor-top-column elementor-element elementor-element-78acfdf0\" data-id=\"78acfdf0\" data-element_type=\"column\">\n\t\t\t<div class=\"elementor-widget-wrap elementor-element-populated\">\n\t\t\t\t\t\t<div class=\"elementor-element elementor-element-e31097f elementor-widget elementor-widget-html\" data-id=\"e31097f\" data-element_type=\"widget\" data-widget_type=\"html.default\">\n\t\t\t\t<div class=\"elementor-widget-container\">\n\t\t\t\t\t<object><svg width=\"107\" height=\"12\" viewBox=\"0 0 107 12\" fill=\"none\" xmlns=\"http:\/\/www.w3.org\/2000\/svg\">\n<path fill-rule=\"evenodd\" clip-rule=\"evenodd\" d=\"M5.99984 11.3333C3.05432 11.3333 0.666504 8.94548 0.666504 5.99996C0.666504 3.05444 3.05432 0.666626 5.99984 0.666626C8.60356 0.666626 10.7715 2.53243 11.2396 4.99996H106C106.552 4.99996 107 5.44767 107 5.99996C107 6.55224 106.552 6.99996 106 6.99996H11.2396C10.7715 9.46749 8.60356 11.3333 5.99984 11.3333Z\" fill=\"#A8130C\"\/>\n<\/svg>\n<\/object>\t\t\t\t<\/div>\n\t\t\t\t<\/div>\n\t\t\t\t<div class=\"elementor-element elementor-element-59461f50 elementor-widget elementor-widget-heading\" data-id=\"59461f50\" data-element_type=\"widget\" data-widget_type=\"heading.default\">\n\t\t\t\t<div class=\"elementor-widget-container\">\n\t\t\t\t\t<h3 class=\"elementor-heading-title elementor-size-default\">I nostri mobili<\/h3>\t\t\t\t<\/div>\n\t\t\t\t<\/div>\n\t\t\t\t\t<\/div>\n\t\t<\/div>\n\t\t\t\t\t<\/div>\n\t\t<\/section>\n\t\t\t\t<section class=\"elementor-section elementor-top-section elementor-element elementor-element-37b00a5 elementor-section-boxed elementor-section-height-default elementor-section-height-default\" data-id=\"37b00a5\" data-element_type=\"section\">\n\t\t\t\t\t\t<div class=\"elementor-container elementor-column-gap-default\">\n\t\t\t\t\t<div class=\"elementor-column elementor-col-50 elementor-top-column elementor-element elementor-element-7c29e7ad\" data-id=\"7c29e7ad\" data-element_type=\"column\">\n\t\t\t<div class=\"elementor-widget-wrap elementor-element-populated\">\n\t\t\t\t\t\t<div class=\"elementor-element elementor-element-2e4c0120 elementor-widget__width-initial elementor-widget elementor-widget-text-editor\" data-id=\"2e4c0120\" data-element_type=\"widget\" data-widget_type=\"text-editor.default\">\n\t\t\t\t<div class=\"elementor-widget-container\">\n\t\t\t\t\t\t\t\t\t<p>La conservazione dello stile classico e del mobile antico ci ha permesso di avere una gran collezione di mobili a disposizione dei nostri clienti che amano questo stile intramontabile.<\/p><p><br>\nLa nostra passione per l&#8217;arte dell&#8217;arredamento classico si materializza in pezzi unici e raffinati.<\/p><p><br><\/p>\n<p>Scoprite l&#8217;eleganza senza tempo dei nostri mobili e trasformate la vostra casa in uno spazio di bellezza e raffinatezza.<\/p>\t\t\t\t\t\t\t\t<\/div>\n\t\t\t\t<\/div>\n\t\t\t\t\t<\/div>\n\t\t<\/div>\n\t\t\t\t<div class=\"elementor-column elementor-col-50 elementor-top-column elementor-element elementor-element-e63d5e3\" data-id=\"e63d5e3\" data-element_type=\"column\">\n\t\t\t<div class=\"elementor-widget-wrap elementor-element-populated\">\n\t\t\t\t\t\t<div class=\"elementor-element elementor-element-0f078af elementor-widget elementor-widget-global elementor-global-2107 elementor-widget-text-editor\" data-id=\"0f078af\" data-element_type=\"widget\" data-widget_type=\"text-editor.default\">\n\t\t\t\t<div class=\"elementor-widget-container\">\n\t\t\t\t\t\t\t\t\t<p><a href=\"https:\/\/www.sommacal.com\/it\/mobili\/bureau-antiquariato-riproduzioni-trumeau\/\">Bureau e Trumeau<\/a><\/p><p><a href=\"https:\/\/www.sommacal.com\/it\/mobili\/cassapanche-antiche-riproduzioni-panche\/\">Cassapanche<\/a><\/p><p><a href=\"https:\/\/www.sommacal.com\/it\/mobili\/como-antiquariato-riproduzione-cassettiere\/\">Com\u00f2<\/a><\/p><p><a href=\"https:\/\/www.sommacal.com\/it\/mobili\/consolle-antiquariato-epoca\/\">Consolle<\/a><\/p><p><a href=\"https:\/\/www.sommacal.com\/it\/mobili\/credenze-antiche-antiquariato\/\">Credenze<\/a><\/p><p><a href=\"https:\/\/www.sommacal.com\/it\/mobili\/librerie-antiche-antiquariato\/\">Librerie<\/a><\/p><p><a href=\"https:\/\/www.sommacal.com\/it\/mobili\/scrivanie-antiquariato-scrittoi-antichi\/\">Scrivanie<\/a><\/p><p><a href=\"https:\/\/www.sommacal.com\/it\/mobili\/stipi-antichi-riprodotti\/\">Stipi<\/a><\/p><p><a href=\"https:\/\/www.sommacal.com\/it\/mobili\/vetrine-antiche-riproduzione-cristalliere\/\">Vetrine<\/a><\/p>\t\t\t\t\t\t\t\t<\/div>\n\t\t\t\t<\/div>\n\t\t\t\t\t<\/div>\n\t\t<\/div>\n\t\t\t\t\t<\/div>\n\t\t<\/section>\n\t\t\t\t<\/div>\n\t\t","protected":false},"excerpt":{"rendered":"<p>Consolle antica in stile Luigi XVI Per gli amanti dei mobili esibizionisti e sontuosi, un&#8217;antica consolle in stile Luigi XVI non \u00e8 solo un mobile, ma un amalgama dell&#8217;arte umana. Prende il nome dal re Luigi XIV di Francia (1660-1690), lo stile Luigi XIV \u00e8 caratterizzato da elaborati ornamenti, intricate lavorazioni del legno e alcuni [&hellip;]<\/p>\n","protected":false},"author":1,"featured_media":0,"parent":0,"menu_order":0,"comment_status":"closed","ping_status":"closed","template":"","meta":{"inline_featured_image":false,"_monsterinsights_skip_tracking":false,"_monsterinsights_sitenote_active":false,"_monsterinsights_sitenote_note":"","_monsterinsights_sitenote_category":0,"footnotes":""},"class_list":["post-989","page","type-page","status-publish","hentry"],"yoast_head":"<!-- This site is optimized with the Yoast SEO plugin v25.9 - https:\/\/yoast.com\/wordpress\/plugins\/seo\/ -->\n<title>Consolle antica in stile Luigi XVI<\/title>\n<meta name=\"description\" content=\"Per gli amanti dell&#039;arredamento esibizionista e sfarzoso, una consolle antica in stile Luigi XVI non \u00e8 solo un mobile, ma un&#039;amalgama di arte umana.\" \/>\n<meta name=\"robots\" content=\"index, follow, max-snippet:-1, max-image-preview:large, max-video-preview:-1\" \/>\n<link rel=\"canonical\" href=\"https:\/\/www.sommacal.com\/it\/consolle-antica-in-stile-luigi-xvi\/\" \/>\n<meta property=\"og:locale\" content=\"it_IT\" \/>\n<meta property=\"og:type\" content=\"article\" \/>\n<meta property=\"og:title\" content=\"Consolle antica in stile Luigi XVI\" \/>\n<meta property=\"og:description\" content=\"Per gli amanti dell&#039;arredamento esibizionista e sfarzoso, una consolle antica in stile Luigi XVI non \u00e8 solo un mobile, ma un&#039;amalgama di arte umana.\" \/>\n<meta property=\"og:url\" content=\"https:\/\/www.sommacal.com\/it\/consolle-antica-in-stile-luigi-xvi\/\" \/>\n<meta property=\"og:site_name\" content=\"Sommacal\" \/>\n<meta property=\"article:modified_time\" content=\"2023-07-28T15:23:41+00:00\" \/>\n<meta name=\"twitter:card\" content=\"summary_large_image\" \/>\n<meta name=\"twitter:label1\" content=\"Tempo di lettura stimato\" \/>\n\t<meta name=\"twitter:data1\" content=\"3 minuti\" \/>\n<script type=\"application\/ld+json\" class=\"yoast-schema-graph\">{\"@context\":\"https:\/\/schema.org\",\"@graph\":[{\"@type\":\"WebPage\",\"@id\":\"https:\/\/www.sommacal.com\/it\/consolle-antica-in-stile-luigi-xvi\/\",\"url\":\"https:\/\/www.sommacal.com\/it\/consolle-antica-in-stile-luigi-xvi\/\",\"name\":\"Consolle antica in stile Luigi XVI\",\"isPartOf\":{\"@id\":\"https:\/\/www.sommacal.com\/it\/#website\"},\"datePublished\":\"2023-07-27T07:54:29+00:00\",\"dateModified\":\"2023-07-28T15:23:41+00:00\",\"description\":\"Per gli amanti dell'arredamento esibizionista e sfarzoso, una consolle antica in stile Luigi XVI non \u00e8 solo un mobile, ma un'amalgama di arte umana.\",\"breadcrumb\":{\"@id\":\"https:\/\/www.sommacal.com\/it\/consolle-antica-in-stile-luigi-xvi\/#breadcrumb\"},\"inLanguage\":\"it-IT\",\"potentialAction\":[{\"@type\":\"ReadAction\",\"target\":[\"https:\/\/www.sommacal.com\/it\/consolle-antica-in-stile-luigi-xvi\/\"]}]},{\"@type\":\"BreadcrumbList\",\"@id\":\"https:\/\/www.sommacal.com\/it\/consolle-antica-in-stile-luigi-xvi\/#breadcrumb\",\"itemListElement\":[{\"@type\":\"ListItem\",\"position\":1,\"name\":\"Home\",\"item\":\"https:\/\/www.sommacal.com\/it\/\"},{\"@type\":\"ListItem\",\"position\":2,\"name\":\"Consolle antica in stile Luigi XVI\"}]},{\"@type\":\"WebSite\",\"@id\":\"https:\/\/www.sommacal.com\/it\/#website\",\"url\":\"https:\/\/www.sommacal.com\/it\/\",\"name\":\"Sommacal\",\"description\":\"\",\"publisher\":{\"@id\":\"https:\/\/www.sommacal.com\/it\/#organization\"},\"potentialAction\":[{\"@type\":\"SearchAction\",\"target\":{\"@type\":\"EntryPoint\",\"urlTemplate\":\"https:\/\/www.sommacal.com\/it\/?s={search_term_string}\"},\"query-input\":{\"@type\":\"PropertyValueSpecification\",\"valueRequired\":true,\"valueName\":\"search_term_string\"}}],\"inLanguage\":\"it-IT\"},{\"@type\":\"Organization\",\"@id\":\"https:\/\/www.sommacal.com\/it\/#organization\",\"name\":\"Sommacal\",\"url\":\"https:\/\/www.sommacal.com\/it\/\",\"logo\":{\"@type\":\"ImageObject\",\"inLanguage\":\"it-IT\",\"@id\":\"https:\/\/www.sommacal.com\/it\/#\/schema\/logo\/image\/\",\"url\":\"https:\/\/www.sommacal.com\/wp-content\/uploads\/2023\/06\/logo-flli-sommcal.svg\",\"contentUrl\":\"https:\/\/www.sommacal.com\/wp-content\/uploads\/2023\/06\/logo-flli-sommcal.svg\",\"caption\":\"Sommacal\"},\"image\":{\"@id\":\"https:\/\/www.sommacal.com\/it\/#\/schema\/logo\/image\/\"}}]}<\/script>\n<!-- \/ Yoast SEO plugin. -->","yoast_head_json":{"title":"Consolle antica in stile Luigi XVI","description":"Per gli amanti dell'arredamento esibizionista e sfarzoso, una consolle antica in stile Luigi XVI non \u00e8 solo un mobile, ma un'amalgama di arte umana.","robots":{"index":"index","follow":"follow","max-snippet":"max-snippet:-1","max-image-preview":"max-image-preview:large","max-video-preview":"max-video-preview:-1"},"canonical":"https:\/\/www.sommacal.com\/it\/consolle-antica-in-stile-luigi-xvi\/","og_locale":"it_IT","og_type":"article","og_title":"Consolle antica in stile Luigi XVI","og_description":"Per gli amanti dell'arredamento esibizionista e sfarzoso, una consolle antica in stile Luigi XVI non \u00e8 solo un mobile, ma un'amalgama di arte umana.","og_url":"https:\/\/www.sommacal.com\/it\/consolle-antica-in-stile-luigi-xvi\/","og_site_name":"Sommacal","article_modified_time":"2023-07-28T15:23:41+00:00","twitter_card":"summary_large_image","twitter_misc":{"Tempo di lettura stimato":"3 minuti"},"schema":{"@context":"https:\/\/schema.org","@graph":[{"@type":"WebPage","@id":"https:\/\/www.sommacal.com\/it\/consolle-antica-in-stile-luigi-xvi\/","url":"https:\/\/www.sommacal.com\/it\/consolle-antica-in-stile-luigi-xvi\/","name":"Consolle antica in stile Luigi XVI","isPartOf":{"@id":"https:\/\/www.sommacal.com\/it\/#website"},"datePublished":"2023-07-27T07:54:29+00:00","dateModified":"2023-07-28T15:23:41+00:00","description":"Per gli amanti dell'arredamento esibizionista e sfarzoso, una consolle antica in stile Luigi XVI non \u00e8 solo un mobile, ma un'amalgama di arte umana.","breadcrumb":{"@id":"https:\/\/www.sommacal.com\/it\/consolle-antica-in-stile-luigi-xvi\/#breadcrumb"},"inLanguage":"it-IT","potentialAction":[{"@type":"ReadAction","target":["https:\/\/www.sommacal.com\/it\/consolle-antica-in-stile-luigi-xvi\/"]}]},{"@type":"BreadcrumbList","@id":"https:\/\/www.sommacal.com\/it\/consolle-antica-in-stile-luigi-xvi\/#breadcrumb","itemListElement":[{"@type":"ListItem","position":1,"name":"Home","item":"https:\/\/www.sommacal.com\/it\/"},{"@type":"ListItem","position":2,"name":"Consolle antica in stile Luigi XVI"}]},{"@type":"WebSite","@id":"https:\/\/www.sommacal.com\/it\/#website","url":"https:\/\/www.sommacal.com\/it\/","name":"Sommacal","description":"","publisher":{"@id":"https:\/\/www.sommacal.com\/it\/#organization"},"potentialAction":[{"@type":"SearchAction","target":{"@type":"EntryPoint","urlTemplate":"https:\/\/www.sommacal.com\/it\/?s={search_term_string}"},"query-input":{"@type":"PropertyValueSpecification","valueRequired":true,"valueName":"search_term_string"}}],"inLanguage":"it-IT"},{"@type":"Organization","@id":"https:\/\/www.sommacal.com\/it\/#organization","name":"Sommacal","url":"https:\/\/www.sommacal.com\/it\/","logo":{"@type":"ImageObject","inLanguage":"it-IT","@id":"https:\/\/www.sommacal.com\/it\/#\/schema\/logo\/image\/","url":"https:\/\/www.sommacal.com\/wp-content\/uploads\/2023\/06\/logo-flli-sommcal.svg","contentUrl":"https:\/\/www.sommacal.com\/wp-content\/uploads\/2023\/06\/logo-flli-sommcal.svg","caption":"Sommacal"},"image":{"@id":"https:\/\/www.sommacal.com\/it\/#\/schema\/logo\/image\/"}}]}},"_links":{"self":[{"href":"https:\/\/www.sommacal.com\/it\/wp-json\/wp\/v2\/pages\/989","targetHints":{"allow":["GET"]}}],"collection":[{"href":"https:\/\/www.sommacal.com\/it\/wp-json\/wp\/v2\/pages"}],"about":[{"href":"https:\/\/www.sommacal.com\/it\/wp-json\/wp\/v2\/types\/page"}],"author":[{"embeddable":true,"href":"https:\/\/www.sommacal.com\/it\/wp-json\/wp\/v2\/users\/1"}],"replies":[{"embeddable":true,"href":"https:\/\/www.sommacal.com\/it\/wp-json\/wp\/v2\/comments?post=989"}],"version-history":[{"count":18,"href":"https:\/\/www.sommacal.com\/it\/wp-json\/wp\/v2\/pages\/989\/revisions"}],"predecessor-version":[{"id":5136,"href":"https:\/\/www.sommacal.com\/it\/wp-json\/wp\/v2\/pages\/989\/revisions\/5136"}],"wp:attachment":[{"href":"https:\/\/www.sommacal.com\/it\/wp-json\/wp\/v2\/media?parent=989"}],"curies":[{"name":"wp","href":"https:\/\/api.w.org\/{rel}","templated":true}]}}