{"id":103,"date":"2023-07-04T09:32:35","date_gmt":"2023-07-04T09:32:35","guid":{"rendered":"https:\/\/www.sommacal.com\/?page_id=103"},"modified":"2023-12-01T16:38:21","modified_gmt":"2023-12-01T16:38:21","slug":"termini-e-condizioni-duso","status":"publish","type":"page","link":"https:\/\/www.sommacal.com\/it\/termini-e-condizioni-duso\/","title":{"rendered":"Termini e condizioni d&#8217;uso"},"content":{"rendered":"\t\t<div data-elementor-type=\"wp-page\" data-elementor-id=\"103\" class=\"elementor elementor-103\" data-elementor-post-type=\"page\">\n\t\t\t\t\t\t<section class=\"elementor-section elementor-top-section elementor-element elementor-element-94bcb15 elementor-section-boxed elementor-section-height-default elementor-section-height-default\" data-id=\"94bcb15\" data-element_type=\"section\">\n\t\t\t\t\t\t<div class=\"elementor-container elementor-column-gap-default\">\n\t\t\t\t\t<div class=\"elementor-column elementor-col-100 elementor-top-column elementor-element elementor-element-e5fef76\" data-id=\"e5fef76\" data-element_type=\"column\">\n\t\t\t<div class=\"elementor-widget-wrap elementor-element-populated\">\n\t\t\t\t\t\t<div class=\"elementor-element elementor-element-8859b4c elementor-widget elementor-widget-html\" data-id=\"8859b4c\" data-element_type=\"widget\" data-widget_type=\"html.default\">\n\t\t\t\t<div class=\"elementor-widget-container\">\n\t\t\t\t\t<h1>Termini e Condizioni d\u2019uso<\/h1>\nL\u2019accesso al sito web sommacal.com (per brevit\u00e0 il \u201cSito\u201d) da parte dei visitatori \u00e8 soggetto alle condizioni di accesso qui di seguito esposte. Utilizzando il Sito, il visitatore accetta incondizionatamente tutte le clausole sotto riportate:<br><br><br>\n<h3>Contenuto del sito<\/h3>\nIl materiale pubblicato e\/o riprodotto nel Sito (tra cui in via esemplificativa ma non esaustiva: informazioni, loghi, elementi grafici, suoni, immagini, marchi etc., per brevit\u00e0 le \u201cInformazioni\u201d) \u00e8 di esclusiva propriet\u00e0 di (o concesso da terzi in uso a) F.lli Sommacal Srl. I contenuti del Sito sono disponibili ai visitatori per un uso esclusivamente personale e non a fini commerciali.<br><br><br>\n<h3>Diritti di propriet\u00e0 intellettuale<\/h3>\nF.lli Sommacal Srl tutela attivamente i propri diritti di propriet\u00e0 intellettuale. I contenuti pubblicati sul Sito sono protetti dalla vigente normativa recante disposizioni sul diritto d\u2019autore e sui diritti di propriet\u00e0 industriale. La riproduzione anche parziale delle Informazioni \u00e8 consentita esclusivamente dietro preventiva autorizzazione scritta da F.lli Sommacal Srl. \u00c8 pertanto vietato modificare, copiare, riprodurre, distribuire, trasmettere o diffondere il contenuto di questo sito senza aver preventivamente ottenuto un espresso consenso in forma scritta da parte di F.lli Sommacal Srl. In particolare, \u00e8 vietato copiare i programmi per elaboratore (software) che determinano il funzionamento del Sito, creare programmi a questi simili, rintracciare e\/o utilizzare il codice sorgente dei suddetti programmi.<br><br>\nF.lli Sommacal Srl non utilizza materiale coperto da altrui diritto d\u2019autore senza indicarne chiaramente il titolare. La riproduzione di tale materiale, eventualmente contenuto nel Sito, potrebbe essere limitata da parte dell\u2019autore ed i visitatori potrebbero dover richiedere un preventivo consenso al titolare del diritto al fine di riprodurlo in altre pubblicazioni in formato cartaceo e\/o elettronico.<br><br><br>\n<h3>Limitazioni di responsabilit\u00e0<\/h3>\nSebbene F.lli Sommacal Srl si adoperi al fine di fornire le Informazioni in modo tempestivo ed accurato, la stessa non pu\u00f2 garantire che tali Informazioni siano corrette al momento della pubblicazione o che lo rimangano con il passare del tempo. Tutti i servizi forniti da F.lli Sommacal Srl non costituiscono obbligazioni della stessa, pertanto F.lli Sommacal Srl si riserva espressamente il diritto, in ogni momento e senza alcun preavviso, di eliminare o modificare in tutto o in parte le pagine del Sito o l\u2019intera pubblicazione, senza che alcuna responsabilit\u00e0 possa esserle imputata.<br><br>\nF.lli Sommacal Srl non assume alcuna responsabilit\u00e0 per eventuali inesattezze, imprecisioni e\/o omissioni relative al materiale contenuto nel Sito, n\u00e9 la stessa potr\u00e0 essere ritenuta responsabile di danni di qualsiasi genere, diretti od indiretti, (ivi incluse le infezioni da virus informatici, che le apparecchiature dei visitatori dovessero patire a causa dell\u2019accesso e\/o dell\u2019interconnessione con il Sito o del download del suo contenuto) causati, sofferti o determinati dall\u2019accesso o dall\u2019uso delle pagine del Sito.<br><br><br>\n<h3>Link<\/h3>\nQuale risorsa utile per i visitatori del Sito, F.lli Sommacal Srl fornisce collegamenti ipertestuali (link) che possono indirizzare la ricerca dei visitatori verso pagine web di siti diversi dal presente. F.lli Sommacal Srl declina ogni responsabilit\u00e0 in relazione sia al contenuto di quanto pubblicato su tali siti ed all\u2019uso che terzi ne possano fare, sia per quanto riguarda eventuali danni provocati o originati in occasione dell\u2019accesso a tali siti, dell\u2019interconnessione con gli stessi o del download del loro contenuto.<br><br><br>\n<h3>Efficacia. Legge applicabile e Foro competente<\/h3>\nLe clausole sopra riportate costituiscono parte integrante del Sito e sono regolate dalla Legge italiana. Nel caso in cui singole sezioni delle stesse risultino invalide, illegali o inefficaci, le parti rimanenti continueranno ad essere efficaci. Il Foro di Verona \u00e8 esclusivamente competente a regolare eventuali controversie comunque connesse alle presenti note legali. Ci\u00f2 nonostante F.lli Sommacal Srl si riserva di agire in giudizio per la tutela dei propri diritti di fronte ad autorit\u00e0 giudiziarie di citt\u00e0 o Paesi diversi dall\u2019Italia.<br><br><br>\n<h3>Termini e condizioni relativi a Loghi di F.lli Sommacal Srl<\/h3>\nLoghi, logotipi, marchi distintivi e di fabbrica, pagine web, immagini di schermate o altre caratteristiche distintive di F.lli Sommacal Srl  (\u201cLoghi\u201d) costituiscono asset di valore che F.lli Sommacal Srl protegge attivamente. Per l\u2019utilizzo dei Loghi \u2013 nel rispetto delle istruzioni riportate in questa pagina \u2013 \u00e8 pertanto necessario disporre di un\u2019esplicita autorizzazione da parte di F.lli Sommacal Srl (\u201cAutorizzazione\u201d), che pu\u00f2 essere ottenuta previo invio di specifica richiesta (\u201cModulo\u201d) contenente l\u2019indicazione delle finalit\u00e0 specifiche per le quali si intende fare uso dei Loghi. Con l\u2019Autorizzazione, F.lli Sommacal Srl concede all\u2019utente un diritto non trasferibile, non esclusivo e a titolo gratuito di usare i Loghi indicati nel Modulo per il solo scopo ed unicamente sui supporti materiali ivi specificati.<br><br>\nOve sia gi\u00e0 stato stipulato con F.lli Sommacal Srl un contratto in cui sono stabilite le modalit\u00e0 d\u2019uso dei relativi Loghi, non \u00e8 necessario eseguire questo processo di approvazione, se non per richiedere l\u2019Autorizzazione per altri usi non contemplati nel contratto esistente. In deroga a quanto sopra, i Loghi possono essere utilizzati senza il previo consenso scritto di F.lli Sommacal Srl esclusivamente nel caso in cui sia presente sul sito web di F.lli Sommacal Srl. una dichiarazione chiara ed esplicita in merito alla possibilit\u00e0 di usare i Loghi senza richiedere l\u2019autorizzazione (ad es. campi di ricerca).<br><br>\nIn ogni caso, qualsiasi uso dei Loghi deve essere effettuato secondo le condizioni che seguono, ed in particolare occorre:\n<ul>\n \t<li>utilizzare solo elementi grafici approvati da F.lli Sommacal Srl;<\/li>\n \t<li>inserire nel testo una dichiarazione indicante chiaramente che si tratta di Loghi di propriet\u00e0 F.lli Sommacal Srl;<\/li>\n \t<li>distinguere in maniera appropriata i Loghi dal testo circostante;<\/li>\n<\/ul><br>\nLe seguenti operazioni non sono consentite:\n<ul>\n \t<li>rimuovere, distorcere o alterare in qualsiasi modo e\/o sotto qualsiasi forma anche un solo elemento dei Loghi al di fuori dei criteri definiti da F.lli Sommacal Srl;<\/li>\n \t<li>copiare o imitare la veste commerciale (trade dress) di F.lli Sommacal Srl, incluso l\u2019aspetto grafico delle propriet\u00e0 di progettazione web di F.lli Sommacal Srl o la presentazione dei Loghi o combinazioni di colori, elementi tipografici, design grafici, icone di prodotti o immagini associati in maniera distintiva a F.lli Sommacal Srl;<\/li>\n \t<li>adottare marchi, logotipi, slogan o design che possano essere confusi con i Loghi;<\/li>\n \t<li>registrare i Loghi come nomi di dominio di secondo livello;<\/li>\n \t<li>utilizzare i Loghi in maniera tale da suggerire un significato comune descrittivo o generico;<\/li>\n \t<li>riprodurre i Loghi in un modo ritenuto, a giudizio insindacabile di F.lli Sommacal Srl, ingannevole, scorretto, diffamatorio, illegale, calunnioso, denigratorio o altrimenti riprovevole per F.lli Sommacal Srl;<\/li>\n \t<li>esporre i Loghi su qualsiasi supporto digitale, cartaceo o altro, in una posizione preminente o comunque in modo tale da indurre ingannevolmente a ritenere esistente una relazione o un\u2019affiliazione con F.lli Sommacal Srl, ovvero una sponsorizzazione o un\u2019approvazione da parte di F.lli Sommacal Srl, ovvero ancora ingenerare falsamente l\u2019opinione che i contenuti della pagina sono stati creati da F.lli Sommacal Srl;<\/li>\n \t<li>esporre i Loghi su qualunque sito web che contenga o visualizzi contenuti per soli adulti;<\/li>\n \t<li>incorporare i Loghi in nomi di prodotti, servizi, marchi, logotipi o societ\u00e0.<\/li>\n<\/ul><br>\nI diritti connessi alla titolarit\u00e0 dei marchi variano da Paese a Paese. In alcuni paesi sono previste severe sanzioni penali e civili per l\u2019utilizzo improprio del simbolo di registrazione. Pertanto, non \u00e8 opportuno utilizzare il simbolo di registrazione (\u00ae) in Paesi in cui il marchio non \u00e8 stato registrato.<br><br>\nF.lli Sommacal Srl si riserva il diritto esclusivo di ritirare o modificare, a propria discrezione, l\u2019Autorizzazione e di intraprendere un\u2019azione legale contro qualsiasi uso che non sia conforme alle presenti condizioni, che violi qualsiasi diritto di propriet\u00e0 intellettuale o che non ottemperi alle norme della legge in vigore.\n\t\t\t\t<\/div>\n\t\t\t\t<\/div>\n\t\t\t\t\t<\/div>\n\t\t<\/div>\n\t\t\t\t\t<\/div>\n\t\t<\/section>\n\t\t\t\t<\/div>\n\t\t","protected":false},"excerpt":{"rendered":"<p>Termini e Condizioni d\u2019uso L\u2019accesso al sito web sommacal.com (per brevit\u00e0 il \u201cSito\u201d) da parte dei visitatori \u00e8 soggetto alle condizioni di accesso qui di seguito esposte. Utilizzando il Sito, il visitatore accetta incondizionatamente tutte le clausole sotto riportate: Contenuto del sito Il materiale pubblicato e\/o riprodotto nel Sito (tra cui in via esemplificativa ma [&hellip;]<\/p>\n","protected":false},"author":1,"featured_media":0,"parent":0,"menu_order":0,"comment_status":"closed","ping_status":"closed","template":"elementor_header_footer","meta":{"inline_featured_image":false,"_monsterinsights_skip_tracking":false,"_monsterinsights_sitenote_active":false,"_monsterinsights_sitenote_note":"","_monsterinsights_sitenote_category":0,"footnotes":""},"class_list":["post-103","page","type-page","status-publish","hentry"],"yoast_head":"<!-- This site is optimized with the Yoast SEO plugin v25.9 - https:\/\/yoast.com\/wordpress\/plugins\/seo\/ -->\n<title>Termini e condizioni d&#039;uso - Sommacal<\/title>\n<meta name=\"robots\" content=\"noindex, nofollow\" \/>\n<meta property=\"og:locale\" content=\"it_IT\" \/>\n<meta property=\"og:type\" content=\"article\" \/>\n<meta property=\"og:title\" content=\"Termini e condizioni d&#039;uso - Sommacal\" \/>\n<meta property=\"og:description\" content=\"Termini e Condizioni d\u2019uso L\u2019accesso al sito web sommacal.com (per brevit\u00e0 il \u201cSito\u201d) da parte dei visitatori \u00e8 soggetto alle condizioni di accesso qui di seguito esposte. Utilizzando il Sito, il visitatore accetta incondizionatamente tutte le clausole sotto riportate: Contenuto del sito Il materiale pubblicato e\/o riprodotto nel Sito (tra cui in via esemplificativa ma [&hellip;]\" \/>\n<meta property=\"og:url\" content=\"https:\/\/www.sommacal.com\/it\/termini-e-condizioni-duso\/\" \/>\n<meta property=\"og:site_name\" content=\"Sommacal\" \/>\n<meta property=\"article:modified_time\" content=\"2023-12-01T16:38:21+00:00\" \/>\n<meta name=\"twitter:card\" content=\"summary_large_image\" \/>\n<meta name=\"twitter:label1\" content=\"Tempo di lettura stimato\" \/>\n\t<meta name=\"twitter:data1\" content=\"7 minuti\" \/>\n<script type=\"application\/ld+json\" class=\"yoast-schema-graph\">{\"@context\":\"https:\/\/schema.org\",\"@graph\":[{\"@type\":\"WebPage\",\"@id\":\"https:\/\/www.sommacal.com\/it\/termini-e-condizioni-duso\/\",\"url\":\"https:\/\/www.sommacal.com\/it\/termini-e-condizioni-duso\/\",\"name\":\"Termini e condizioni d'uso - Sommacal\",\"isPartOf\":{\"@id\":\"https:\/\/www.sommacal.com\/it\/#website\"},\"datePublished\":\"2023-07-04T09:32:35+00:00\",\"dateModified\":\"2023-12-01T16:38:21+00:00\",\"breadcrumb\":{\"@id\":\"https:\/\/www.sommacal.com\/it\/termini-e-condizioni-duso\/#breadcrumb\"},\"inLanguage\":\"it-IT\",\"potentialAction\":[{\"@type\":\"ReadAction\",\"target\":[\"https:\/\/www.sommacal.com\/it\/termini-e-condizioni-duso\/\"]}]},{\"@type\":\"BreadcrumbList\",\"@id\":\"https:\/\/www.sommacal.com\/it\/termini-e-condizioni-duso\/#breadcrumb\",\"itemListElement\":[{\"@type\":\"ListItem\",\"position\":1,\"name\":\"Home\",\"item\":\"https:\/\/www.sommacal.com\/it\/\"},{\"@type\":\"ListItem\",\"position\":2,\"name\":\"Termini e condizioni d&#8217;uso\"}]},{\"@type\":\"WebSite\",\"@id\":\"https:\/\/www.sommacal.com\/it\/#website\",\"url\":\"https:\/\/www.sommacal.com\/it\/\",\"name\":\"Sommacal\",\"description\":\"\",\"publisher\":{\"@id\":\"https:\/\/www.sommacal.com\/it\/#organization\"},\"potentialAction\":[{\"@type\":\"SearchAction\",\"target\":{\"@type\":\"EntryPoint\",\"urlTemplate\":\"https:\/\/www.sommacal.com\/it\/?s={search_term_string}\"},\"query-input\":{\"@type\":\"PropertyValueSpecification\",\"valueRequired\":true,\"valueName\":\"search_term_string\"}}],\"inLanguage\":\"it-IT\"},{\"@type\":\"Organization\",\"@id\":\"https:\/\/www.sommacal.com\/it\/#organization\",\"name\":\"Sommacal\",\"url\":\"https:\/\/www.sommacal.com\/it\/\",\"logo\":{\"@type\":\"ImageObject\",\"inLanguage\":\"it-IT\",\"@id\":\"https:\/\/www.sommacal.com\/it\/#\/schema\/logo\/image\/\",\"url\":\"https:\/\/www.sommacal.com\/wp-content\/uploads\/2023\/06\/logo-flli-sommcal.svg\",\"contentUrl\":\"https:\/\/www.sommacal.com\/wp-content\/uploads\/2023\/06\/logo-flli-sommcal.svg\",\"caption\":\"Sommacal\"},\"image\":{\"@id\":\"https:\/\/www.sommacal.com\/it\/#\/schema\/logo\/image\/\"}}]}<\/script>\n<!-- \/ Yoast SEO plugin. -->","yoast_head_json":{"title":"Termini e condizioni d'uso - Sommacal","robots":{"index":"noindex","follow":"nofollow"},"og_locale":"it_IT","og_type":"article","og_title":"Termini e condizioni d'uso - Sommacal","og_description":"Termini e Condizioni d\u2019uso L\u2019accesso al sito web sommacal.com (per brevit\u00e0 il \u201cSito\u201d) da parte dei visitatori \u00e8 soggetto alle condizioni di accesso qui di seguito esposte. Utilizzando il Sito, il visitatore accetta incondizionatamente tutte le clausole sotto riportate: Contenuto del sito Il materiale pubblicato e\/o riprodotto nel Sito (tra cui in via esemplificativa ma [&hellip;]","og_url":"https:\/\/www.sommacal.com\/it\/termini-e-condizioni-duso\/","og_site_name":"Sommacal","article_modified_time":"2023-12-01T16:38:21+00:00","twitter_card":"summary_large_image","twitter_misc":{"Tempo di lettura stimato":"7 minuti"},"schema":{"@context":"https:\/\/schema.org","@graph":[{"@type":"WebPage","@id":"https:\/\/www.sommacal.com\/it\/termini-e-condizioni-duso\/","url":"https:\/\/www.sommacal.com\/it\/termini-e-condizioni-duso\/","name":"Termini e condizioni d'uso - Sommacal","isPartOf":{"@id":"https:\/\/www.sommacal.com\/it\/#website"},"datePublished":"2023-07-04T09:32:35+00:00","dateModified":"2023-12-01T16:38:21+00:00","breadcrumb":{"@id":"https:\/\/www.sommacal.com\/it\/termini-e-condizioni-duso\/#breadcrumb"},"inLanguage":"it-IT","potentialAction":[{"@type":"ReadAction","target":["https:\/\/www.sommacal.com\/it\/termini-e-condizioni-duso\/"]}]},{"@type":"BreadcrumbList","@id":"https:\/\/www.sommacal.com\/it\/termini-e-condizioni-duso\/#breadcrumb","itemListElement":[{"@type":"ListItem","position":1,"name":"Home","item":"https:\/\/www.sommacal.com\/it\/"},{"@type":"ListItem","position":2,"name":"Termini e condizioni d&#8217;uso"}]},{"@type":"WebSite","@id":"https:\/\/www.sommacal.com\/it\/#website","url":"https:\/\/www.sommacal.com\/it\/","name":"Sommacal","description":"","publisher":{"@id":"https:\/\/www.sommacal.com\/it\/#organization"},"potentialAction":[{"@type":"SearchAction","target":{"@type":"EntryPoint","urlTemplate":"https:\/\/www.sommacal.com\/it\/?s={search_term_string}"},"query-input":{"@type":"PropertyValueSpecification","valueRequired":true,"valueName":"search_term_string"}}],"inLanguage":"it-IT"},{"@type":"Organization","@id":"https:\/\/www.sommacal.com\/it\/#organization","name":"Sommacal","url":"https:\/\/www.sommacal.com\/it\/","logo":{"@type":"ImageObject","inLanguage":"it-IT","@id":"https:\/\/www.sommacal.com\/it\/#\/schema\/logo\/image\/","url":"https:\/\/www.sommacal.com\/wp-content\/uploads\/2023\/06\/logo-flli-sommcal.svg","contentUrl":"https:\/\/www.sommacal.com\/wp-content\/uploads\/2023\/06\/logo-flli-sommcal.svg","caption":"Sommacal"},"image":{"@id":"https:\/\/www.sommacal.com\/it\/#\/schema\/logo\/image\/"}}]}},"_links":{"self":[{"href":"https:\/\/www.sommacal.com\/it\/wp-json\/wp\/v2\/pages\/103","targetHints":{"allow":["GET"]}}],"collection":[{"href":"https:\/\/www.sommacal.com\/it\/wp-json\/wp\/v2\/pages"}],"about":[{"href":"https:\/\/www.sommacal.com\/it\/wp-json\/wp\/v2\/types\/page"}],"author":[{"embeddable":true,"href":"https:\/\/www.sommacal.com\/it\/wp-json\/wp\/v2\/users\/1"}],"replies":[{"embeddable":true,"href":"https:\/\/www.sommacal.com\/it\/wp-json\/wp\/v2\/comments?post=103"}],"version-history":[{"count":22,"href":"https:\/\/www.sommacal.com\/it\/wp-json\/wp\/v2\/pages\/103\/revisions"}],"predecessor-version":[{"id":7215,"href":"https:\/\/www.sommacal.com\/it\/wp-json\/wp\/v2\/pages\/103\/revisions\/7215"}],"wp:attachment":[{"href":"https:\/\/www.sommacal.com\/it\/wp-json\/wp\/v2\/media?parent=103"}],"curies":[{"name":"wp","href":"https:\/\/api.w.org\/{rel}","templated":true}]}}